{"id":10,"date":"2024-04-02T11:17:34","date_gmt":"2024-04-02T11:17:34","guid":{"rendered":"https:\/\/campos.necesitounaidea.com\/?page_id=10"},"modified":"2024-07-10T05:58:16","modified_gmt":"2024-07-10T05:58:16","slug":"salon-bodas-valencia","status":"publish","type":"page","link":"https:\/\/saloncampos.es\/es\/salon-bodas-valencia\/","title":{"rendered":"Sal\u00f3n Bodas Valencia"},"content":{"rendered":"\t\t<div data-elementor-type=\"wp-post\" data-elementor-id=\"10\" class=\"elementor elementor-10\" data-elementor-settings=\"{&quot;element_pack_global_tooltip_width&quot;:{&quot;unit&quot;:&quot;px&quot;,&quot;size&quot;:&quot;&quot;,&quot;sizes&quot;:[]},&quot;element_pack_global_tooltip_width_tablet&quot;:{&quot;unit&quot;:&quot;px&quot;,&quot;size&quot;:&quot;&quot;,&quot;sizes&quot;:[]},&quot;element_pack_global_tooltip_width_mobile&quot;:{&quot;unit&quot;:&quot;px&quot;,&quot;size&quot;:&quot;&quot;,&quot;sizes&quot;:[]},&quot;element_pack_global_tooltip_padding&quot;:{&quot;unit&quot;:&quot;px&quot;,&quot;top&quot;:&quot;&quot;,&quot;right&quot;:&quot;&quot;,&quot;bottom&quot;:&quot;&quot;,&quot;left&quot;:&quot;&quot;,&quot;isLinked&quot;:true},&quot;element_pack_global_tooltip_padding_tablet&quot;:{&quot;unit&quot;:&quot;px&quot;,&quot;top&quot;:&quot;&quot;,&quot;right&quot;:&quot;&quot;,&quot;bottom&quot;:&quot;&quot;,&quot;left&quot;:&quot;&quot;,&quot;isLinked&quot;:true},&quot;element_pack_global_tooltip_padding_mobile&quot;:{&quot;unit&quot;:&quot;px&quot;,&quot;top&quot;:&quot;&quot;,&quot;right&quot;:&quot;&quot;,&quot;bottom&quot;:&quot;&quot;,&quot;left&quot;:&quot;&quot;,&quot;isLinked&quot;:true},&quot;element_pack_global_tooltip_border_radius&quot;:{&quot;unit&quot;:&quot;px&quot;,&quot;top&quot;:&quot;&quot;,&quot;right&quot;:&quot;&quot;,&quot;bottom&quot;:&quot;&quot;,&quot;left&quot;:&quot;&quot;,&quot;isLinked&quot;:true},&quot;element_pack_global_tooltip_border_radius_tablet&quot;:{&quot;unit&quot;:&quot;px&quot;,&quot;top&quot;:&quot;&quot;,&quot;right&quot;:&quot;&quot;,&quot;bottom&quot;:&quot;&quot;,&quot;left&quot;:&quot;&quot;,&quot;isLinked&quot;:true},&quot;element_pack_global_tooltip_border_radius_mobile&quot;:{&quot;unit&quot;:&quot;px&quot;,&quot;top&quot;:&quot;&quot;,&quot;right&quot;:&quot;&quot;,&quot;bottom&quot;:&quot;&quot;,&quot;left&quot;:&quot;&quot;,&quot;isLinked&quot;:true}}\" data-elementor-post-type=\"page\">\n\t\t\t\t<div class=\"elementor-element elementor-element-e37fd4b e-flex e-con-boxed e-con e-parent\" data-id=\"e37fd4b\" data-element_type=\"container\" data-e-type=\"container\" data-settings=\"{&quot;background_background&quot;:&quot;classic&quot;}\">\n\t\t\t\t\t<div class=\"e-con-inner\">\n\t\t\t\t<div class=\"elementor-element elementor-element-0d71cfd elementor-widget elementor-widget-heading\" data-id=\"0d71cfd\" data-element_type=\"widget\" data-e-type=\"widget\" data-widget_type=\"heading.default\">\n\t\t\t\t<div class=\"elementor-widget-container\">\n\t\t\t\t\t<h1 class=\"elementor-heading-title elementor-size-default\">Sal\u00f3n Bodas Valencia<\/h1>\t\t\t\t<\/div>\n\t\t\t\t<\/div>\n\t\t\t\t\t<\/div>\n\t\t\t\t<\/div>\n\t\t<div class=\"elementor-element elementor-element-a3a258b e-flex e-con-boxed e-con e-parent\" data-id=\"a3a258b\" data-element_type=\"container\" data-e-type=\"container\">\n\t\t\t\t\t<div class=\"e-con-inner\">\n\t\t\t\t<div class=\"elementor-element elementor-element-df865af elementor-widget elementor-widget-heading\" data-id=\"df865af\" data-element_type=\"widget\" data-e-type=\"widget\" data-widget_type=\"heading.default\">\n\t\t\t\t<div class=\"elementor-widget-container\">\n\t\t\t\t\t<h2 class=\"elementor-heading-title elementor-size-default\">Lo que nos hace \u00fanicos<\/h2>\t\t\t\t<\/div>\n\t\t\t\t<\/div>\n\t\t\t\t<div class=\"elementor-element elementor-element-5f10c1c elementor-widget elementor-widget-heading\" data-id=\"5f10c1c\" data-element_type=\"widget\" data-e-type=\"widget\" data-widget_type=\"heading.default\">\n\t\t\t\t<div class=\"elementor-widget-container\">\n\t\t\t\t\t<h2 class=\"elementor-heading-title elementor-size-default\">en Sal\u00f3n Bodas Valencia<\/h2>\t\t\t\t<\/div>\n\t\t\t\t<\/div>\n\t\t\t\t<div class=\"elementor-element elementor-element-8507bdf elementor-widget elementor-widget-heading\" data-id=\"8507bdf\" data-element_type=\"widget\" data-e-type=\"widget\" data-widget_type=\"heading.default\">\n\t\t\t\t<div class=\"elementor-widget-container\">\n\t\t\t\t\t<h2 class=\"elementor-heading-title elementor-size-default\"> EN SAL\u00d3N CAMPOS<\/h2>\t\t\t\t<\/div>\n\t\t\t\t<\/div>\n\t\t\t\t<div class=\"elementor-element elementor-element-b73a81d elementor-widget elementor-widget-image\" data-id=\"b73a81d\" data-element_type=\"widget\" data-e-type=\"widget\" data-widget_type=\"image.default\">\n\t\t\t\t<div class=\"elementor-widget-container\">\n\t\t\t\t\t\t\t\t\t\t\t\t\t\t\t<img decoding=\"async\" width=\"208\" height=\"21\" src=\"https:\/\/saloncampos.es\/wp-content\/uploads\/2024\/04\/divider_title.png\" class=\"attachment-large size-large wp-image-58\" alt=\"\" \/>\t\t\t\t\t\t\t\t\t\t\t\t\t\t\t<\/div>\n\t\t\t\t<\/div>\n\t\t<div class=\"elementor-element elementor-element-fcabb99 e-grid e-con-boxed e-con e-child\" data-id=\"fcabb99\" data-element_type=\"container\" data-e-type=\"container\">\n\t\t\t\t\t<div class=\"e-con-inner\">\n\t\t\t\t<div class=\"elementor-element elementor-element-abe791c elementor-position-top elementor-widget elementor-widget-image-box\" data-id=\"abe791c\" data-element_type=\"widget\" data-e-type=\"widget\" data-widget_type=\"image-box.default\">\n\t\t\t\t<div class=\"elementor-widget-container\">\n\t\t\t\t\t<div class=\"elementor-image-box-wrapper\"><figure class=\"elementor-image-box-img\"><img fetchpriority=\"high\" decoding=\"async\" width=\"370\" height=\"240\" src=\"https:\/\/saloncampos.es\/wp-content\/uploads\/2024\/04\/img1-370x240-1.jpg\" class=\"attachment-full size-full wp-image-64\" alt=\"Sal\u00f3n Bodas Valencia\" srcset=\"https:\/\/saloncampos.es\/wp-content\/uploads\/2024\/04\/img1-370x240-1.jpg 370w, https:\/\/saloncampos.es\/wp-content\/uploads\/2024\/04\/img1-370x240-1-300x195.jpg 300w\" sizes=\"(max-width: 370px) 100vw, 370px\" \/><\/figure><div class=\"elementor-image-box-content\"><h3 class=\"elementor-image-box-title\">Catering<\/h3><p class=\"elementor-image-box-description\">Ofrecemos servicio de catering con una amplia variedad de aperitivos para su celebraci\u00f3n.\n<\/p><\/div><\/div>\t\t\t\t<\/div>\n\t\t\t\t<\/div>\n\t\t\t\t<div class=\"elementor-element elementor-element-fff2555 elementor-position-top elementor-widget elementor-widget-image-box\" data-id=\"fff2555\" data-element_type=\"widget\" data-e-type=\"widget\" data-widget_type=\"image-box.default\">\n\t\t\t\t<div class=\"elementor-widget-container\">\n\t\t\t\t\t<div class=\"elementor-image-box-wrapper\"><figure class=\"elementor-image-box-img\"><img decoding=\"async\" width=\"370\" height=\"240\" src=\"https:\/\/saloncampos.es\/wp-content\/uploads\/2024\/04\/img6-370x240-1.jpg\" class=\"attachment-full size-full wp-image-70\" alt=\"Sal\u00f3n Bodas Valencia\" srcset=\"https:\/\/saloncampos.es\/wp-content\/uploads\/2024\/04\/img6-370x240-1.jpg 370w, https:\/\/saloncampos.es\/wp-content\/uploads\/2024\/04\/img6-370x240-1-300x195.jpg 300w\" sizes=\"(max-width: 370px) 100vw, 370px\" \/><\/figure><div class=\"elementor-image-box-content\"><h3 class=\"elementor-image-box-title\">Bodas civiles<\/h3><p class=\"elementor-image-box-description\">Celebra tu boda en un entorno excepcional, rodeado de jardines y una decoraci\u00f3n a tu medida.\n<\/p><\/div><\/div>\t\t\t\t<\/div>\n\t\t\t\t<\/div>\n\t\t\t\t<div class=\"elementor-element elementor-element-b8aa57d elementor-position-top elementor-widget elementor-widget-image-box\" data-id=\"b8aa57d\" data-element_type=\"widget\" data-e-type=\"widget\" data-widget_type=\"image-box.default\">\n\t\t\t\t<div class=\"elementor-widget-container\">\n\t\t\t\t\t<div class=\"elementor-image-box-wrapper\"><figure class=\"elementor-image-box-img\"><img loading=\"lazy\" decoding=\"async\" width=\"370\" height=\"240\" src=\"https:\/\/saloncampos.es\/wp-content\/uploads\/2024\/04\/img2-370x240-1.jpg\" class=\"attachment-full size-full wp-image-68\" alt=\"Sal\u00f3n Bodas Valencia\" srcset=\"https:\/\/saloncampos.es\/wp-content\/uploads\/2024\/04\/img2-370x240-1.jpg 370w, https:\/\/saloncampos.es\/wp-content\/uploads\/2024\/04\/img2-370x240-1-300x195.jpg 300w\" sizes=\"(max-width: 370px) 100vw, 370px\" \/><\/figure><div class=\"elementor-image-box-content\"><h3 class=\"elementor-image-box-title\">Referente en el sector<\/h3><p class=\"elementor-image-box-description\">Nuestro mejor aval es la satisfacci\u00f3n y el reconocimiento por parte de nuestros clientes.<\/p><\/div><\/div>\t\t\t\t<\/div>\n\t\t\t\t<\/div>\n\t\t\t\t\t<\/div>\n\t\t\t\t<\/div>\n\t\t\t\t\t<\/div>\n\t\t\t\t<\/div>\n\t\t<div class=\"elementor-element elementor-element-8c0b89e e-flex e-con-boxed e-con e-parent\" data-id=\"8c0b89e\" data-element_type=\"container\" data-e-type=\"container\">\n\t\t\t\t\t<div class=\"e-con-inner\">\n\t\t\t\t<div class=\"elementor-element elementor-element-04e14a0 elementor-widget elementor-widget-heading\" data-id=\"04e14a0\" data-element_type=\"widget\" data-e-type=\"widget\" data-widget_type=\"heading.default\">\n\t\t\t\t<div class=\"elementor-widget-container\">\n\t\t\t\t\t<h2 class=\"elementor-heading-title elementor-size-default\">\u00bfPor Qu\u00e9 Elegir Sal\u00f3n Campos Monserrat?\n<\/h2>\t\t\t\t<\/div>\n\t\t\t\t<\/div>\n\t\t\t\t<div class=\"elementor-element elementor-element-d2c3d56 elementor-widget elementor-widget-image\" data-id=\"d2c3d56\" data-element_type=\"widget\" data-e-type=\"widget\" data-widget_type=\"image.default\">\n\t\t\t\t<div class=\"elementor-widget-container\">\n\t\t\t\t\t\t\t\t\t\t\t\t\t\t\t<img decoding=\"async\" width=\"208\" height=\"21\" src=\"https:\/\/saloncampos.es\/wp-content\/uploads\/2024\/04\/divider_title.png\" class=\"attachment-large size-large wp-image-58\" alt=\"\" \/>\t\t\t\t\t\t\t\t\t\t\t\t\t\t\t<\/div>\n\t\t\t\t<\/div>\n\t\t\t\t\t<\/div>\n\t\t\t\t<\/div>\n\t\t<div class=\"elementor-element elementor-element-7a8be61 e-flex e-con-boxed e-con e-parent\" data-id=\"7a8be61\" data-element_type=\"container\" data-e-type=\"container\">\n\t\t\t\t\t<div class=\"e-con-inner\">\n\t\t<div class=\"elementor-element elementor-element-1b62653 e-con-full e-flex e-con e-child\" data-id=\"1b62653\" data-element_type=\"container\" data-e-type=\"container\">\n\t\t\t\t<div class=\"elementor-element elementor-element-1288c52 elementor-widget elementor-widget-text-editor\" data-id=\"1288c52\" data-element_type=\"widget\" data-e-type=\"widget\" data-widget_type=\"text-editor.default\">\n\t\t\t\t<div class=\"elementor-widget-container\">\n\t\t\t\t\t\t\t\t\t<p>Elegir Sal\u00f3n Campos Monserrat como tu <strong><a href=\"https:\/\/wordpress.com\/home\/salonbodasvalencia.wordpress.com\" target=\"_blank\" rel=\"noopener\">restaurante para boda<\/a>s en Valencia<\/strong> es optar por la calidad, la experiencia y la dedicaci\u00f3n. Nuestra historia de m\u00e1s de 50 a\u00f1os en la industria nos respalda, y nuestras modernas instalaciones y hermoso jard\u00edn proporcionan el escenario perfecto para cualquier evento. Adem\u00e1s, nuestro compromiso con la excelencia gastron\u00f3mica asegura que cada plato sea una obra de arte.<\/p>\n<p>En resumen, Sal\u00f3n Campos Monserrat es m\u00e1s que un lugar de celebraci\u00f3n; es un espacio donde los sue\u00f1os se hacen realidad. Si est\u00e1s buscando el escenario perfecto para tu boda o cualquier otro evento, estamos aqu\u00ed para ofrecerte una experiencia inigualable.<\/p>\n<p>Nuestra empresa familiar combina tradici\u00f3n y modernidad para ofrecer un servicio personalizado y cercano, asegurando que cada detalle de tu celebraci\u00f3n sea perfecto. Con m\u00e1s de cinco d\u00e9cadas de experiencia, hemos perfeccionado nuestro enfoque para convertirnos en el mejor <strong>restaurante para bodas en Valencia<\/strong>.<\/p>\n<p>En Sal\u00f3n Campos Monserrat, comprendemos la importancia de la gastronom\u00eda en cualquier celebraci\u00f3n. Por eso, ofrecemos <strong>men\u00fas personalizados<\/strong> que se adaptan a tus necesidades y preferencias. Utilizamos los mejores ingredientes y combinamos la tradici\u00f3n culinaria con la creatividad para ofrecer platos que deleitar\u00e1n a tus invitados. Desde entrantes innovadores hasta postres exquisitos, nuestro equipo de cocina se asegura de que cada detalle culinario sea perfecto<\/p>\n<h2>&nbsp;<\/h2>\t\t\t\t\t\t\t\t<\/div>\n\t\t\t\t<\/div>\n\t\t\t\t<\/div>\n\t\t<div class=\"elementor-element elementor-element-511a2b9 e-con-full e-flex e-con e-child\" data-id=\"511a2b9\" data-element_type=\"container\" data-e-type=\"container\">\n\t\t\t\t<div class=\"elementor-element elementor-element-289c976 elementor-widget elementor-widget-text-editor\" data-id=\"289c976\" data-element_type=\"widget\" data-e-type=\"widget\" data-widget_type=\"text-editor.default\">\n\t\t\t\t<div class=\"elementor-widget-container\">\n\t\t\t\t\t\t\t\t\t<p>Nuestras instalaciones han sido renovadas recientemente para garantizar que tu evento se desarrolle en un entorno moderno y confortable. El amplio sal\u00f3n de banquetes est\u00e1 equipado para acoger a un gran n\u00famero de invitados, permitiendo una celebraci\u00f3n sin preocupaciones. La elegancia del sal\u00f3n, combinada con la profesionalidad de nuestro equipo, asegura que tu boda en Valencia ser\u00e1 como siempre la so\u00f1aste.<\/p>\n<p>En Sal\u00f3n Campos Monserrat, comprendemos la importancia de la gastronom\u00eda en cualquier celebraci\u00f3n. Por eso, ofrecemos <strong>men\u00fas personalizados<\/strong> que se adaptan a tus necesidades y preferencias. Utilizamos los mejores ingredientes y combinamos la tradici\u00f3n culinaria con la creatividad para ofrecer platos que deleitar\u00e1n a tus invitados. Desde entrantes innovadores hasta postres exquisitos, nuestro equipo de cocina se asegura de que cada detalle culinario sea perfecto.<\/p>\n<p>Uno de los mayores atractivos de Sal\u00f3n Campos Monserrat es nuestro hermoso jard\u00edn, dise\u00f1ado especialmente para ceremonias civiles, aperitivos de bienvenida y banquetes al aire libre. Este espacio ofrece un entorno natural y sofisticado que a\u00f1ade un toque m\u00e1gico a cualquier evento. Imagina celebrar tu boda rodeado de la belleza natural y la tranquilidad que ofrece nuestro jard\u00edn.<\/p>\t\t\t\t\t\t\t\t<\/div>\n\t\t\t\t<\/div>\n\t\t\t\t<div class=\"elementor-element elementor-element-2bf7784 elementor-align-right elementor-widget elementor-widget-button\" data-id=\"2bf7784\" data-element_type=\"widget\" data-e-type=\"widget\" data-widget_type=\"button.default\">\n\t\t\t\t<div class=\"elementor-widget-container\">\n\t\t\t\t\t\t\t\t\t<div class=\"elementor-button-wrapper\">\n\t\t\t\t\t<a class=\"elementor-button elementor-button-link elementor-size-sm\" href=\"https:\/\/saloncampos.es\/contacto\/\">\n\t\t\t\t\t\t<span class=\"elementor-button-content-wrapper\">\n\t\t\t\t\t\t\t\t\t<span class=\"elementor-button-text\">QUIERO INFO<\/span>\n\t\t\t\t\t<\/span>\n\t\t\t\t\t<\/a>\n\t\t\t\t<\/div>\n\t\t\t\t\t\t\t\t<\/div>\n\t\t\t\t<\/div>\n\t\t\t\t<\/div>\n\t\t\t\t\t<\/div>\n\t\t\t\t<\/div>\n\t\t\t\t<\/div>\n\t\t","protected":false},"excerpt":{"rendered":"<p>Lo que nos hace \u00fanicos en Sal\u00f3n Bodas Valencia EN SAL\u00d3N CAMPOS Catering Ofrecemos servicio de catering con una amplia variedad de aperitivos para su celebraci\u00f3n. Bodas civiles Celebra tu boda en un entorno excepcional, rodeado de jardines y una decoraci\u00f3n a tu medida. Referente en el sector Nuestro mejor aval es la satisfacci\u00f3n y [&hellip;]<\/p>\n","protected":false},"author":1,"featured_media":0,"parent":0,"menu_order":0,"comment_status":"closed","ping_status":"closed","template":"elementor_header_footer","meta":{"footnotes":""},"class_list":["post-10","page","type-page","status-publish","hentry"],"_links":{"self":[{"href":"https:\/\/saloncampos.es\/es\/wp-json\/wp\/v2\/pages\/10","targetHints":{"allow":["GET"]}}],"collection":[{"href":"https:\/\/saloncampos.es\/es\/wp-json\/wp\/v2\/pages"}],"about":[{"href":"https:\/\/saloncampos.es\/es\/wp-json\/wp\/v2\/types\/page"}],"author":[{"embeddable":true,"href":"https:\/\/saloncampos.es\/es\/wp-json\/wp\/v2\/users\/1"}],"replies":[{"embeddable":true,"href":"https:\/\/saloncampos.es\/es\/wp-json\/wp\/v2\/comments?post=10"}],"version-history":[{"count":21,"href":"https:\/\/saloncampos.es\/es\/wp-json\/wp\/v2\/pages\/10\/revisions"}],"predecessor-version":[{"id":1369,"href":"https:\/\/saloncampos.es\/es\/wp-json\/wp\/v2\/pages\/10\/revisions\/1369"}],"wp:attachment":[{"href":"https:\/\/saloncampos.es\/es\/wp-json\/wp\/v2\/media?parent=10"}],"curies":[{"name":"wp","href":"https:\/\/api.w.org\/{rel}","templated":true}]}}