{"id":195,"date":"2024-04-18T13:40:09","date_gmt":"2024-04-18T13:40:09","guid":{"rendered":"https:\/\/campos.necesitounaidea.com\/?page_id=195"},"modified":"2024-04-22T12:42:05","modified_gmt":"2024-04-22T12:42:05","slug":"blog","status":"publish","type":"page","link":"https:\/\/saloncampos.es\/es\/blog\/","title":{"rendered":"Blog"},"content":{"rendered":"\t\t<div data-elementor-type=\"wp-post\" data-elementor-id=\"195\" class=\"elementor elementor-195\" data-elementor-settings=\"{&quot;element_pack_global_tooltip_width&quot;:{&quot;unit&quot;:&quot;px&quot;,&quot;size&quot;:&quot;&quot;,&quot;sizes&quot;:[]},&quot;element_pack_global_tooltip_width_tablet&quot;:{&quot;unit&quot;:&quot;px&quot;,&quot;size&quot;:&quot;&quot;,&quot;sizes&quot;:[]},&quot;element_pack_global_tooltip_width_mobile&quot;:{&quot;unit&quot;:&quot;px&quot;,&quot;size&quot;:&quot;&quot;,&quot;sizes&quot;:[]},&quot;element_pack_global_tooltip_padding&quot;:{&quot;unit&quot;:&quot;px&quot;,&quot;top&quot;:&quot;&quot;,&quot;right&quot;:&quot;&quot;,&quot;bottom&quot;:&quot;&quot;,&quot;left&quot;:&quot;&quot;,&quot;isLinked&quot;:true},&quot;element_pack_global_tooltip_padding_tablet&quot;:{&quot;unit&quot;:&quot;px&quot;,&quot;top&quot;:&quot;&quot;,&quot;right&quot;:&quot;&quot;,&quot;bottom&quot;:&quot;&quot;,&quot;left&quot;:&quot;&quot;,&quot;isLinked&quot;:true},&quot;element_pack_global_tooltip_padding_mobile&quot;:{&quot;unit&quot;:&quot;px&quot;,&quot;top&quot;:&quot;&quot;,&quot;right&quot;:&quot;&quot;,&quot;bottom&quot;:&quot;&quot;,&quot;left&quot;:&quot;&quot;,&quot;isLinked&quot;:true},&quot;element_pack_global_tooltip_border_radius&quot;:{&quot;unit&quot;:&quot;px&quot;,&quot;top&quot;:&quot;&quot;,&quot;right&quot;:&quot;&quot;,&quot;bottom&quot;:&quot;&quot;,&quot;left&quot;:&quot;&quot;,&quot;isLinked&quot;:true},&quot;element_pack_global_tooltip_border_radius_tablet&quot;:{&quot;unit&quot;:&quot;px&quot;,&quot;top&quot;:&quot;&quot;,&quot;right&quot;:&quot;&quot;,&quot;bottom&quot;:&quot;&quot;,&quot;left&quot;:&quot;&quot;,&quot;isLinked&quot;:true},&quot;element_pack_global_tooltip_border_radius_mobile&quot;:{&quot;unit&quot;:&quot;px&quot;,&quot;top&quot;:&quot;&quot;,&quot;right&quot;:&quot;&quot;,&quot;bottom&quot;:&quot;&quot;,&quot;left&quot;:&quot;&quot;,&quot;isLinked&quot;:true}}\" data-elementor-post-type=\"page\">\n\t\t\t\t<div class=\"elementor-element elementor-element-7cb158c e-flex e-con-boxed e-con e-parent\" data-id=\"7cb158c\" data-element_type=\"container\" data-e-type=\"container\" data-settings=\"{&quot;background_background&quot;:&quot;classic&quot;}\">\n\t\t\t\t\t<div class=\"e-con-inner\">\n\t\t\t\t<div class=\"elementor-element elementor-element-0b3609c elementor-widget elementor-widget-heading\" data-id=\"0b3609c\" data-element_type=\"widget\" data-e-type=\"widget\" data-widget_type=\"heading.default\">\n\t\t\t\t<div class=\"elementor-widget-container\">\n\t\t\t\t\t<h2 class=\"elementor-heading-title elementor-size-default\">Blog<\/h2>\t\t\t\t<\/div>\n\t\t\t\t<\/div>\n\t\t\t\t\t<\/div>\n\t\t\t\t<\/div>\n\t\t<div class=\"elementor-element elementor-element-fa0182f e-flex e-con-boxed e-con e-parent\" data-id=\"fa0182f\" data-element_type=\"container\" data-e-type=\"container\">\n\t\t\t\t\t<div class=\"e-con-inner\">\n\t\t\t\t<div class=\"elementor-element elementor-element-29e0a4a elementor-grid-3 elementor-grid-tablet-2 elementor-grid-mobile-1 elementor-posts--thumbnail-top elementor-card-shadow-yes elementor-posts__hover-gradient load-more-align-center elementor-widget elementor-widget-posts\" data-id=\"29e0a4a\" data-element_type=\"widget\" data-e-type=\"widget\" data-settings=\"{&quot;pagination_type&quot;:&quot;load_more_on_click&quot;,&quot;cards_columns&quot;:&quot;3&quot;,&quot;cards_columns_tablet&quot;:&quot;2&quot;,&quot;cards_columns_mobile&quot;:&quot;1&quot;,&quot;cards_row_gap&quot;:{&quot;unit&quot;:&quot;px&quot;,&quot;size&quot;:35,&quot;sizes&quot;:[]},&quot;cards_row_gap_tablet&quot;:{&quot;unit&quot;:&quot;px&quot;,&quot;size&quot;:&quot;&quot;,&quot;sizes&quot;:[]},&quot;cards_row_gap_mobile&quot;:{&quot;unit&quot;:&quot;px&quot;,&quot;size&quot;:&quot;&quot;,&quot;sizes&quot;:[]},&quot;load_more_spinner&quot;:{&quot;value&quot;:&quot;fas fa-spinner&quot;,&quot;library&quot;:&quot;fa-solid&quot;}}\" data-widget_type=\"posts.cards\">\n\t\t\t\t<div class=\"elementor-widget-container\">\n\t\t\t\t\t\t\t<div class=\"elementor-posts-container elementor-posts elementor-posts--skin-cards elementor-grid\" role=\"list\">\n\t\t\t\t<article class=\"elementor-post elementor-grid-item post-1438 post type-post status-publish format-standard has-post-thumbnail hentry category-entradas category-entrades\" role=\"listitem\">\n\t\t\t<div class=\"elementor-post__card\">\n\t\t\t\t<a class=\"elementor-post__thumbnail__link\" href=\"https:\/\/saloncampos.es\/es\/como-elegir-el-velo-perfecto-para-tu-boda-en-valencia\/\" tabindex=\"-1\"><div class=\"elementor-post__thumbnail\"><img fetchpriority=\"high\" decoding=\"async\" width=\"1961\" height=\"2560\" src=\"https:\/\/saloncampos.es\/wp-content\/uploads\/2025\/03\/close-view-serious-attractive-woman-long-white-gown-raising-hand-hiding-face-veil-looking-away-while-sitting-background-modern-building-scaled.jpg\" class=\"attachment-full size-full wp-image-1439\" alt=\"velo ideal seg\u00fan tu vestido y el tipo de boda en Valencia\" srcset=\"https:\/\/saloncampos.es\/wp-content\/uploads\/2025\/03\/close-view-serious-attractive-woman-long-white-gown-raising-hand-hiding-face-veil-looking-away-while-sitting-background-modern-building-scaled.jpg 1961w, https:\/\/saloncampos.es\/wp-content\/uploads\/2025\/03\/close-view-serious-attractive-woman-long-white-gown-raising-hand-hiding-face-veil-looking-away-while-sitting-background-modern-building-230x300.jpg 230w, https:\/\/saloncampos.es\/wp-content\/uploads\/2025\/03\/close-view-serious-attractive-woman-long-white-gown-raising-hand-hiding-face-veil-looking-away-while-sitting-background-modern-building-785x1024.jpg 785w, https:\/\/saloncampos.es\/wp-content\/uploads\/2025\/03\/close-view-serious-attractive-woman-long-white-gown-raising-hand-hiding-face-veil-looking-away-while-sitting-background-modern-building-768x1002.jpg 768w, https:\/\/saloncampos.es\/wp-content\/uploads\/2025\/03\/close-view-serious-attractive-woman-long-white-gown-raising-hand-hiding-face-veil-looking-away-while-sitting-background-modern-building-1177x1536.jpg 1177w, https:\/\/saloncampos.es\/wp-content\/uploads\/2025\/03\/close-view-serious-attractive-woman-long-white-gown-raising-hand-hiding-face-veil-looking-away-while-sitting-background-modern-building-1569x2048.jpg 1569w\" sizes=\"(max-width: 1961px) 100vw, 1961px\" \/><\/div><\/a>\n\t\t\t\t<div class=\"elementor-post__badge\">Entradas<\/div>\n\t\t\t\t<div class=\"elementor-post__text\">\n\t\t\t\t<h3 class=\"elementor-post__title\">\n\t\t\t<a href=\"https:\/\/saloncampos.es\/es\/como-elegir-el-velo-perfecto-para-tu-boda-en-valencia\/\">\n\t\t\t\tC\u00f3mo elegir el velo perfecto seg\u00fan tu vestido y tipo de boda en valencia\t\t\t<\/a>\n\t\t<\/h3>\n\t\t\t\t<div class=\"elementor-post__excerpt\">\n\t\t\t<p>El velo es un complemento nupcial que a\u00f1ade un toque de elegancia y romanticismo al look de la novia. Sin<\/p>\n\t\t<\/div>\n\t\t\t\t<\/div>\n\t\t\t\t<div class=\"elementor-post__meta-data\">\n\t\t\t\t\t<span class=\"elementor-post-date\">\n\t\t\t15 de abril de 2025\t\t<\/span>\n\t\t\t\t<\/div>\n\t\t\t\t\t<\/div>\n\t\t<\/article>\n\t\t\t\t<article class=\"elementor-post elementor-grid-item post-1426 post type-post status-publish format-standard has-post-thumbnail hentry category-entradas\" role=\"listitem\">\n\t\t\t<div class=\"elementor-post__card\">\n\t\t\t\t<a class=\"elementor-post__thumbnail__link\" href=\"https:\/\/saloncampos.es\/es\/salon-bodas-valencia-5-mejores-tocados-novias-2025\/\" tabindex=\"-1\"><div class=\"elementor-post__thumbnail\"><img decoding=\"async\" width=\"2560\" height=\"1707\" src=\"https:\/\/saloncampos.es\/wp-content\/uploads\/2025\/03\/closeup-shot-beautiful-bride-preparing-wedding-1-scaled.jpg\" class=\"attachment-full size-full wp-image-1429\" alt=\"\u2705 Sal\u00f3n Bodas Valencia: Descubre los mejores tocados para novias en 2025. Elegancia, estilo y tendencias para brillar en tu gran d\u00eda. \u00a1Insp\u00edrate aqu\u00ed!\" srcset=\"https:\/\/saloncampos.es\/wp-content\/uploads\/2025\/03\/closeup-shot-beautiful-bride-preparing-wedding-1-scaled.jpg 2560w, https:\/\/saloncampos.es\/wp-content\/uploads\/2025\/03\/closeup-shot-beautiful-bride-preparing-wedding-1-300x200.jpg 300w, https:\/\/saloncampos.es\/wp-content\/uploads\/2025\/03\/closeup-shot-beautiful-bride-preparing-wedding-1-1024x683.jpg 1024w, https:\/\/saloncampos.es\/wp-content\/uploads\/2025\/03\/closeup-shot-beautiful-bride-preparing-wedding-1-768x512.jpg 768w, https:\/\/saloncampos.es\/wp-content\/uploads\/2025\/03\/closeup-shot-beautiful-bride-preparing-wedding-1-1536x1024.jpg 1536w, https:\/\/saloncampos.es\/wp-content\/uploads\/2025\/03\/closeup-shot-beautiful-bride-preparing-wedding-1-2048x1365.jpg 2048w\" sizes=\"(max-width: 2560px) 100vw, 2560px\" \/><\/div><\/a>\n\t\t\t\t<div class=\"elementor-post__badge\">Entradas<\/div>\n\t\t\t\t<div class=\"elementor-post__text\">\n\t\t\t\t<h3 class=\"elementor-post__title\">\n\t\t\t<a href=\"https:\/\/saloncampos.es\/es\/salon-bodas-valencia-5-mejores-tocados-novias-2025\/\">\n\t\t\t\tSal\u00f3n Bodas Valencia: Los 5 mejores tocados para novias en 2025\t\t\t<\/a>\n\t\t<\/h3>\n\t\t\t\t<div class=\"elementor-post__excerpt\">\n\t\t\t<p>Si est\u00e1s organizando tu gran d\u00eda en un sal\u00f3n bodas Valencia, ya sabes lo importante que es cuidar cada detalle,<\/p>\n\t\t<\/div>\n\t\t\t\t<\/div>\n\t\t\t\t<div class=\"elementor-post__meta-data\">\n\t\t\t\t\t<span class=\"elementor-post-date\">\n\t\t\t10 de marzo de 2025\t\t<\/span>\n\t\t\t\t<\/div>\n\t\t\t\t\t<\/div>\n\t\t<\/article>\n\t\t\t\t<article class=\"elementor-post elementor-grid-item post-1041 post type-post status-publish format-standard has-post-thumbnail hentry category-entradas\" role=\"listitem\">\n\t\t\t<div class=\"elementor-post__card\">\n\t\t\t\t<a class=\"elementor-post__thumbnail__link\" href=\"https:\/\/saloncampos.es\/es\/salon-campos-en-la-television-de-a-punt\/\" tabindex=\"-1\"><div class=\"elementor-post__thumbnail\"><img decoding=\"async\" width=\"940\" height=\"462\" src=\"https:\/\/saloncampos.es\/wp-content\/uploads\/2022\/11\/salon-campos-apunt.png\" class=\"attachment-full size-full wp-image-1033\" alt=\"\" srcset=\"https:\/\/saloncampos.es\/wp-content\/uploads\/2022\/11\/salon-campos-apunt.png 940w, https:\/\/saloncampos.es\/wp-content\/uploads\/2022\/11\/salon-campos-apunt-300x147.png 300w, https:\/\/saloncampos.es\/wp-content\/uploads\/2022\/11\/salon-campos-apunt-768x377.png 768w, https:\/\/saloncampos.es\/wp-content\/uploads\/2022\/11\/salon-campos-apunt-706x347.png 706w\" sizes=\"(max-width: 940px) 100vw, 940px\" \/><\/div><\/a>\n\t\t\t\t<div class=\"elementor-post__badge\">Entradas<\/div>\n\t\t\t\t<div class=\"elementor-post__text\">\n\t\t\t\t<h3 class=\"elementor-post__title\">\n\t\t\t<a href=\"https:\/\/saloncampos.es\/es\/salon-campos-en-la-television-de-a-punt\/\">\n\t\t\t\tSal\u00f3n Campos en la televisi\u00f3n de \u00c0 Punt\t\t\t<\/a>\n\t\t<\/h3>\n\t\t\t\t<div class=\"elementor-post__excerpt\">\n\t\t\t<p>El pasado lunes 14 de noviembre, la reportera Berta B\u00e1idez del programa &#8216;Bona vesprada&#8217; de \u00c0 Punt estuvo visitando Montserrat,<\/p>\n\t\t<\/div>\n\t\t\t\t<\/div>\n\t\t\t\t<div class=\"elementor-post__meta-data\">\n\t\t\t\t\t<span class=\"elementor-post-date\">\n\t\t\t21 de noviembre de 2022\t\t<\/span>\n\t\t\t\t<\/div>\n\t\t\t\t\t<\/div>\n\t\t<\/article>\n\t\t\t\t<article class=\"elementor-post elementor-grid-item post-1029 post type-post status-publish format-standard has-post-thumbnail hentry category-entradas\" role=\"listitem\">\n\t\t\t<div class=\"elementor-post__card\">\n\t\t\t\t<a class=\"elementor-post__thumbnail__link\" href=\"https:\/\/saloncampos.es\/es\/puesta-de-traje-y-celebracion-de-la-comunion\/\" tabindex=\"-1\"><div class=\"elementor-post__thumbnail\"><img loading=\"lazy\" decoding=\"async\" width=\"1500\" height=\"1000\" src=\"https:\/\/saloncampos.es\/wp-content\/uploads\/2022\/06\/vestido-novia.jpg\" class=\"attachment-full size-full wp-image-1027\" alt=\"\" srcset=\"https:\/\/saloncampos.es\/wp-content\/uploads\/2022\/06\/vestido-novia.jpg 1500w, https:\/\/saloncampos.es\/wp-content\/uploads\/2022\/06\/vestido-novia-300x200.jpg 300w, https:\/\/saloncampos.es\/wp-content\/uploads\/2022\/06\/vestido-novia-1024x683.jpg 1024w, https:\/\/saloncampos.es\/wp-content\/uploads\/2022\/06\/vestido-novia-768x512.jpg 768w, https:\/\/saloncampos.es\/wp-content\/uploads\/2022\/06\/vestido-novia-706x471.jpg 706w\" sizes=\"(max-width: 1500px) 100vw, 1500px\" \/><\/div><\/a>\n\t\t\t\t<div class=\"elementor-post__badge\">Entradas<\/div>\n\t\t\t\t<div class=\"elementor-post__text\">\n\t\t\t\t<h3 class=\"elementor-post__title\">\n\t\t\t<a href=\"https:\/\/saloncampos.es\/es\/puesta-de-traje-y-celebracion-de-la-comunion\/\">\n\t\t\t\tPuesta de traje y celebraci\u00f3n de la comuni\u00f3n\t\t\t<\/a>\n\t\t<\/h3>\n\t\t\t\t<div class=\"elementor-post__excerpt\">\n\t\t\t<p>Hoy en d\u00eda, la puesta de traje de comuni\u00f3n es tan importante como la celebraci\u00f3n en s\u00ed. Muchos son los<\/p>\n\t\t<\/div>\n\t\t\t\t<\/div>\n\t\t\t\t<div class=\"elementor-post__meta-data\">\n\t\t\t\t\t<span class=\"elementor-post-date\">\n\t\t\t27 de mayo de 2022\t\t<\/span>\n\t\t\t\t<\/div>\n\t\t\t\t\t<\/div>\n\t\t<\/article>\n\t\t\t\t<article class=\"elementor-post elementor-grid-item post-1020 post type-post status-publish format-standard has-post-thumbnail hentry category-entradas\" role=\"listitem\">\n\t\t\t<div class=\"elementor-post__card\">\n\t\t\t\t<a class=\"elementor-post__thumbnail__link\" href=\"https:\/\/saloncampos.es\/es\/7-aperitivos-originales-con-los-que-triunfaras-en-tu-boda\/\" tabindex=\"-1\"><div class=\"elementor-post__thumbnail\"><img loading=\"lazy\" decoding=\"async\" width=\"1500\" height=\"922\" src=\"https:\/\/saloncampos.es\/wp-content\/uploads\/2022\/05\/arroz.jpg\" class=\"attachment-full size-full wp-image-1018\" alt=\"\" srcset=\"https:\/\/saloncampos.es\/wp-content\/uploads\/2022\/05\/arroz.jpg 1500w, https:\/\/saloncampos.es\/wp-content\/uploads\/2022\/05\/arroz-300x184.jpg 300w, https:\/\/saloncampos.es\/wp-content\/uploads\/2022\/05\/arroz-1024x629.jpg 1024w, https:\/\/saloncampos.es\/wp-content\/uploads\/2022\/05\/arroz-768x472.jpg 768w, https:\/\/saloncampos.es\/wp-content\/uploads\/2022\/05\/arroz-706x434.jpg 706w\" sizes=\"(max-width: 1500px) 100vw, 1500px\" \/><\/div><\/a>\n\t\t\t\t<div class=\"elementor-post__badge\">Entradas<\/div>\n\t\t\t\t<div class=\"elementor-post__text\">\n\t\t\t\t<h3 class=\"elementor-post__title\">\n\t\t\t<a href=\"https:\/\/saloncampos.es\/es\/7-aperitivos-originales-con-los-que-triunfaras-en-tu-boda\/\">\n\t\t\t\t7 aperitivos originales con los que triunfar\u00e1s en tu boda\t\t\t<\/a>\n\t\t<\/h3>\n\t\t\t\t<div class=\"elementor-post__excerpt\">\n\t\t\t<p>En los \u00faltimos a\u00f1os, una gran cantidad de ideas originales han aparecido en las bodas con una gran influencia sobre<\/p>\n\t\t<\/div>\n\t\t\t\t<\/div>\n\t\t\t\t<div class=\"elementor-post__meta-data\">\n\t\t\t\t\t<span class=\"elementor-post-date\">\n\t\t\t2 de mayo de 2022\t\t<\/span>\n\t\t\t\t<\/div>\n\t\t\t\t\t<\/div>\n\t\t<\/article>\n\t\t\t\t<article class=\"elementor-post elementor-grid-item post-1001 post type-post status-publish format-standard has-post-thumbnail hentry category-entradas\" role=\"listitem\">\n\t\t\t<div class=\"elementor-post__card\">\n\t\t\t\t<a class=\"elementor-post__thumbnail__link\" href=\"https:\/\/saloncampos.es\/es\/disfruta-de-tu-cena-de-empresa-en-salon-campos\/\" tabindex=\"-1\"><div class=\"elementor-post__thumbnail\"><img loading=\"lazy\" decoding=\"async\" width=\"1500\" height=\"1125\" src=\"https:\/\/saloncampos.es\/wp-content\/uploads\/2021\/12\/salo.jpg\" class=\"attachment-full size-full wp-image-1003\" alt=\"\" srcset=\"https:\/\/saloncampos.es\/wp-content\/uploads\/2021\/12\/salo.jpg 1500w, https:\/\/saloncampos.es\/wp-content\/uploads\/2021\/12\/salo-300x225.jpg 300w, https:\/\/saloncampos.es\/wp-content\/uploads\/2021\/12\/salo-1024x768.jpg 1024w, https:\/\/saloncampos.es\/wp-content\/uploads\/2021\/12\/salo-768x576.jpg 768w, https:\/\/saloncampos.es\/wp-content\/uploads\/2021\/12\/salo-706x530.jpg 706w\" sizes=\"(max-width: 1500px) 100vw, 1500px\" \/><\/div><\/a>\n\t\t\t\t<div class=\"elementor-post__badge\">Entradas<\/div>\n\t\t\t\t<div class=\"elementor-post__text\">\n\t\t\t\t<h3 class=\"elementor-post__title\">\n\t\t\t<a href=\"https:\/\/saloncampos.es\/es\/disfruta-de-tu-cena-de-empresa-en-salon-campos\/\">\n\t\t\t\tDisfruta de tu cena de empresa en Sal\u00f3n Campos\t\t\t<\/a>\n\t\t<\/h3>\n\t\t\t\t<div class=\"elementor-post__excerpt\">\n\t\t\t<p>Con la llegada de diciembre, empiezan tambi\u00e9n las cenas y comidas de empresa, ideales para fortalecer las relaciones y amistades<\/p>\n\t\t<\/div>\n\t\t\t\t<\/div>\n\t\t\t\t<div class=\"elementor-post__meta-data\">\n\t\t\t\t\t<span class=\"elementor-post-date\">\n\t\t\t2 de diciembre de 2021\t\t<\/span>\n\t\t\t\t<\/div>\n\t\t\t\t\t<\/div>\n\t\t<\/article>\n\t\t\t\t<article class=\"elementor-post elementor-grid-item post-992 post type-post status-publish format-standard has-post-thumbnail hentry category-entradas\" role=\"listitem\">\n\t\t\t<div class=\"elementor-post__card\">\n\t\t\t\t<a class=\"elementor-post__thumbnail__link\" href=\"https:\/\/saloncampos.es\/es\/salon-campos-recibe-el-1-o-premio-al-uso-del-valenciano-en-el-comercio-de-montserrat-2021\/\" tabindex=\"-1\"><div class=\"elementor-post__thumbnail\"><img loading=\"lazy\" decoding=\"async\" width=\"2000\" height=\"1500\" src=\"https:\/\/saloncampos.es\/wp-content\/uploads\/2021\/11\/premio1.jpg\" class=\"attachment-full size-full wp-image-990\" alt=\"\" srcset=\"https:\/\/saloncampos.es\/wp-content\/uploads\/2021\/11\/premio1.jpg 2000w, https:\/\/saloncampos.es\/wp-content\/uploads\/2021\/11\/premio1-300x225.jpg 300w, https:\/\/saloncampos.es\/wp-content\/uploads\/2021\/11\/premio1-1024x768.jpg 1024w, https:\/\/saloncampos.es\/wp-content\/uploads\/2021\/11\/premio1-768x576.jpg 768w, https:\/\/saloncampos.es\/wp-content\/uploads\/2021\/11\/premio1-1536x1152.jpg 1536w, https:\/\/saloncampos.es\/wp-content\/uploads\/2021\/11\/premio1-706x530.jpg 706w\" sizes=\"(max-width: 2000px) 100vw, 2000px\" \/><\/div><\/a>\n\t\t\t\t<div class=\"elementor-post__badge\">Entradas<\/div>\n\t\t\t\t<div class=\"elementor-post__text\">\n\t\t\t\t<h3 class=\"elementor-post__title\">\n\t\t\t<a href=\"https:\/\/saloncampos.es\/es\/salon-campos-recibe-el-1-o-premio-al-uso-del-valenciano-en-el-comercio-de-montserrat-2021\/\">\n\t\t\t\tSal\u00f3n Campos recibe el 1.\u00ba premio al Uso del Valenciano en el comercio de Montserrat 2021\t\t\t<\/a>\n\t\t<\/h3>\n\t\t\t\t<div class=\"elementor-post__excerpt\">\n\t\t\t<p>A trav\u00e9s de la Ag\u00e8ncia de Promoci\u00f3 del Valenci\u00e0 del ayuntamiento, AVIVA Montserrat, y la Diputaci\u00f3n de Val\u00e8ncia, se han<\/p>\n\t\t<\/div>\n\t\t\t\t<\/div>\n\t\t\t\t<div class=\"elementor-post__meta-data\">\n\t\t\t\t\t<span class=\"elementor-post-date\">\n\t\t\t15 de noviembre de 2021\t\t<\/span>\n\t\t\t\t<\/div>\n\t\t\t\t\t<\/div>\n\t\t<\/article>\n\t\t\t\t<article class=\"elementor-post elementor-grid-item post-966 post type-post status-publish format-standard has-post-thumbnail hentry category-entradas\" role=\"listitem\">\n\t\t\t<div class=\"elementor-post__card\">\n\t\t\t\t<a class=\"elementor-post__thumbnail__link\" href=\"https:\/\/saloncampos.es\/es\/las-flores-mas-usadas-en-las-bodas\/\" tabindex=\"-1\"><div class=\"elementor-post__thumbnail\"><img loading=\"lazy\" decoding=\"async\" width=\"1170\" height=\"781\" src=\"https:\/\/saloncampos.es\/wp-content\/uploads\/2021\/09\/flors.jpg\" class=\"attachment-full size-full wp-image-964\" alt=\"\" srcset=\"https:\/\/saloncampos.es\/wp-content\/uploads\/2021\/09\/flors.jpg 1170w, https:\/\/saloncampos.es\/wp-content\/uploads\/2021\/09\/flors-300x200.jpg 300w, https:\/\/saloncampos.es\/wp-content\/uploads\/2021\/09\/flors-1024x684.jpg 1024w, https:\/\/saloncampos.es\/wp-content\/uploads\/2021\/09\/flors-768x513.jpg 768w, https:\/\/saloncampos.es\/wp-content\/uploads\/2021\/09\/flors-706x471.jpg 706w\" sizes=\"(max-width: 1170px) 100vw, 1170px\" \/><\/div><\/a>\n\t\t\t\t<div class=\"elementor-post__badge\">Entradas<\/div>\n\t\t\t\t<div class=\"elementor-post__text\">\n\t\t\t\t<h3 class=\"elementor-post__title\">\n\t\t\t<a href=\"https:\/\/saloncampos.es\/es\/las-flores-mas-usadas-en-las-bodas\/\">\n\t\t\t\tLas flores m\u00e1s usadas en las bodas\t\t\t<\/a>\n\t\t<\/h3>\n\t\t\t\t<div class=\"elementor-post__excerpt\">\n\t\t\t<p>Uno de los elementos indispensables en la decoraci\u00f3n de toda ceremonia nupcial, son las flores. Por ello, desde Sal\u00f3n Campos<\/p>\n\t\t<\/div>\n\t\t\t\t<\/div>\n\t\t\t\t<div class=\"elementor-post__meta-data\">\n\t\t\t\t\t<span class=\"elementor-post-date\">\n\t\t\t8 de septiembre de 2021\t\t<\/span>\n\t\t\t\t<\/div>\n\t\t\t\t\t<\/div>\n\t\t<\/article>\n\t\t\t\t<article class=\"elementor-post elementor-grid-item post-950 post type-post status-publish format-standard has-post-thumbnail hentry category-entradas\" role=\"listitem\">\n\t\t\t<div class=\"elementor-post__card\">\n\t\t\t\t<a class=\"elementor-post__thumbnail__link\" href=\"https:\/\/saloncampos.es\/es\/las-bodas-al-aire-libre-estan-de-moda\/\" tabindex=\"-1\"><div class=\"elementor-post__thumbnail\"><img loading=\"lazy\" decoding=\"async\" width=\"1171\" height=\"509\" src=\"https:\/\/saloncampos.es\/wp-content\/uploads\/2021\/07\/bodas-aire-libre.jpg\" class=\"attachment-full size-full wp-image-951\" alt=\"\" srcset=\"https:\/\/saloncampos.es\/wp-content\/uploads\/2021\/07\/bodas-aire-libre.jpg 1171w, https:\/\/saloncampos.es\/wp-content\/uploads\/2021\/07\/bodas-aire-libre-300x130.jpg 300w, https:\/\/saloncampos.es\/wp-content\/uploads\/2021\/07\/bodas-aire-libre-1024x445.jpg 1024w, https:\/\/saloncampos.es\/wp-content\/uploads\/2021\/07\/bodas-aire-libre-768x334.jpg 768w, https:\/\/saloncampos.es\/wp-content\/uploads\/2021\/07\/bodas-aire-libre-706x307.jpg 706w\" sizes=\"(max-width: 1171px) 100vw, 1171px\" \/><\/div><\/a>\n\t\t\t\t<div class=\"elementor-post__badge\">Entradas<\/div>\n\t\t\t\t<div class=\"elementor-post__text\">\n\t\t\t\t<h3 class=\"elementor-post__title\">\n\t\t\t<a href=\"https:\/\/saloncampos.es\/es\/las-bodas-al-aire-libre-estan-de-moda\/\">\n\t\t\t\tLas bodas al aire libre est\u00e1n de moda\t\t\t<\/a>\n\t\t<\/h3>\n\t\t\t\t<div class=\"elementor-post__excerpt\">\n\t\t\t<p>Como consecuencia de la pandemia que estamos viviendo, y debido a las restricciones que hay impuestas relacionadas con las celebraciones<\/p>\n\t\t<\/div>\n\t\t\t\t<\/div>\n\t\t\t\t<div class=\"elementor-post__meta-data\">\n\t\t\t\t\t<span class=\"elementor-post-date\">\n\t\t\t20 de julio de 2021\t\t<\/span>\n\t\t\t\t<\/div>\n\t\t\t\t\t<\/div>\n\t\t<\/article>\n\t\t\t\t<article class=\"elementor-post elementor-grid-item post-912 post type-post status-publish format-standard has-post-thumbnail hentry category-entradas\" role=\"listitem\">\n\t\t\t<div class=\"elementor-post__card\">\n\t\t\t\t<a class=\"elementor-post__thumbnail__link\" href=\"https:\/\/saloncampos.es\/es\/mayo-mes-de-las-comuniones\/\" tabindex=\"-1\"><div class=\"elementor-post__thumbnail\"><img loading=\"lazy\" decoding=\"async\" width=\"1172\" height=\"781\" src=\"https:\/\/saloncampos.es\/wp-content\/uploads\/2021\/05\/comunion.jpg\" class=\"attachment-full size-full wp-image-910\" alt=\"\" srcset=\"https:\/\/saloncampos.es\/wp-content\/uploads\/2021\/05\/comunion.jpg 1172w, https:\/\/saloncampos.es\/wp-content\/uploads\/2021\/05\/comunion-300x200.jpg 300w, https:\/\/saloncampos.es\/wp-content\/uploads\/2021\/05\/comunion-1024x682.jpg 1024w, https:\/\/saloncampos.es\/wp-content\/uploads\/2021\/05\/comunion-768x512.jpg 768w, https:\/\/saloncampos.es\/wp-content\/uploads\/2021\/05\/comunion-706x470.jpg 706w\" sizes=\"(max-width: 1172px) 100vw, 1172px\" \/><\/div><\/a>\n\t\t\t\t<div class=\"elementor-post__badge\">Entradas<\/div>\n\t\t\t\t<div class=\"elementor-post__text\">\n\t\t\t\t<h3 class=\"elementor-post__title\">\n\t\t\t<a href=\"https:\/\/saloncampos.es\/es\/mayo-mes-de-las-comuniones\/\">\n\t\t\t\tMayo, mes de las comuniones\t\t\t<\/a>\n\t\t<\/h3>\n\t\t\t\t<div class=\"elementor-post__excerpt\">\n\t\t\t<p>Con el mes de mayo, ha llegado la temporada de celebraciones, sobre todo de aquellas de car\u00e1cter religioso, como las comuniones.<\/p>\n\t\t<\/div>\n\t\t\t\t<\/div>\n\t\t\t\t<div class=\"elementor-post__meta-data\">\n\t\t\t\t\t<span class=\"elementor-post-date\">\n\t\t\t20 de mayo de 2021\t\t<\/span>\n\t\t\t\t<\/div>\n\t\t\t\t\t<\/div>\n\t\t<\/article>\n\t\t\t\t<\/div>\n\t\t\t\t\t<span class=\"e-load-more-spinner\">\n\t\t\t\t<svg aria-hidden=\"true\" class=\"e-font-icon-svg e-fas-spinner\" viewBox=\"0 0 512 512\" xmlns=\"http:\/\/www.w3.org\/2000\/svg\"><path d=\"M304 48c0 26.51-21.49 48-48 48s-48-21.49-48-48 21.49-48 48-48 48 21.49 48 48zm-48 368c-26.51 0-48 21.49-48 48s21.49 48 48 48 48-21.49 48-48-21.49-48-48-48zm208-208c-26.51 0-48 21.49-48 48s21.49 48 48 48 48-21.49 48-48-21.49-48-48-48zM96 256c0-26.51-21.49-48-48-48S0 229.49 0 256s21.49 48 48 48 48-21.49 48-48zm12.922 99.078c-26.51 0-48 21.49-48 48s21.49 48 48 48 48-21.49 48-48c0-26.509-21.491-48-48-48zm294.156 0c-26.51 0-48 21.49-48 48s21.49 48 48 48 48-21.49 48-48c0-26.509-21.49-48-48-48zM108.922 60.922c-26.51 0-48 21.49-48 48s21.49 48 48 48 48-21.49 48-48-21.491-48-48-48z\"><\/path><\/svg>\t\t\t<\/span>\n\t\t\n\t\t\t\t\t\t<\/div>\n\t\t\t\t<\/div>\n\t\t\t\t\t<\/div>\n\t\t\t\t<\/div>\n\t\t\t\t<\/div>\n\t\t","protected":false},"excerpt":{"rendered":"","protected":false},"author":1,"featured_media":0,"parent":0,"menu_order":0,"comment_status":"closed","ping_status":"closed","template":"elementor_header_footer","meta":{"footnotes":""},"class_list":["post-195","page","type-page","status-publish","hentry"],"_links":{"self":[{"href":"https:\/\/saloncampos.es\/es\/wp-json\/wp\/v2\/pages\/195","targetHints":{"allow":["GET"]}}],"collection":[{"href":"https:\/\/saloncampos.es\/es\/wp-json\/wp\/v2\/pages"}],"about":[{"href":"https:\/\/saloncampos.es\/es\/wp-json\/wp\/v2\/types\/page"}],"author":[{"embeddable":true,"href":"https:\/\/saloncampos.es\/es\/wp-json\/wp\/v2\/users\/1"}],"replies":[{"embeddable":true,"href":"https:\/\/saloncampos.es\/es\/wp-json\/wp\/v2\/comments?post=195"}],"version-history":[{"count":10,"href":"https:\/\/saloncampos.es\/es\/wp-json\/wp\/v2\/pages\/195\/revisions"}],"predecessor-version":[{"id":1107,"href":"https:\/\/saloncampos.es\/es\/wp-json\/wp\/v2\/pages\/195\/revisions\/1107"}],"wp:attachment":[{"href":"https:\/\/saloncampos.es\/es\/wp-json\/wp\/v2\/media?parent=195"}],"curies":[{"name":"wp","href":"https:\/\/api.w.org\/{rel}","templated":true}]}}